{"id":566,"date":"2020-02-25T07:25:22","date_gmt":"2020-02-25T07:25:22","guid":{"rendered":"\/ru\/?page_id=566"},"modified":"2026-02-18T13:35:27","modified_gmt":"2026-02-18T13:35:27","slug":"contacts","status":"publish","type":"page","link":"https:\/\/phvieparchy.org\/ru\/contacts\/","title":{"rendered":"\u041a\u043e\u043d\u0442\u0430\u043a\u0442\u044b"},"content":{"rendered":"\n<p><\/p>\n\n\n\n<p>\u0422\u0435\u043b\u0435\u0444\u043e\u043d, \u0432\u0430\u0446\u0430\u043f \u0432 <strong>\u041c\u0430\u043d\u0438\u043b\u0435<\/strong>, <strong>\u0421\u0435\u0431\u0443<\/strong> \u0438 <strong>\u041f\u0430\u043d\u0433\u043b\u0430\u043e<\/strong>: +639565432350<br><\/p>\n\n\n\n<p>\u0432 <strong>\u0425\u0430\u043d\u043e\u0435<\/strong> \u0438 <strong>\u041d\u044f\u0447\u0430\u043d\u0433\u0435<\/strong>: \u0432\u0430\u0446\u0430\u043f +79129994475<\/p>\n\n\n\n<p>\u0432 <strong>\u0425\u043e\u0448\u0438\u043c\u0438\u043d\u0435<\/strong> \u0438 <strong>\u0412\u0443\u043d\u0433\u0442\u0430\u0443<\/strong> \u0432\u0430\u0446\u0430\u043f +7 911 426-52-00<\/p>\n\n\n\n<p>\u0432 <strong>\u0414\u0430\u0432\u0430\u043e<\/strong> \u0438 <strong>\u041c\u0438\u043d\u0434\u0430\u043d\u0430\u043e<\/strong> \u0432\u0430\u0446\u0430\u043f +7 916 819-49-43<\/p>\n\n\n\n<p><br><\/p>\n\n\n\n<p>\u0410\u0434\u0440\u0435\u0441 \u0432 <strong>\u041c\u0430\u043d\u0438\u043b\u0435<\/strong>: 35 Guam, Better Living Subd., Bgy. Don Bosco, Para\u00f1aque, Metro Manila, 1711 (\u043f\u0440\u0438\u0445\u043e\u0434 \u0418\u0432\u0435\u0440\u0441\u043a\u043e\u0439 \u0438\u043a\u043e\u043d\u044b \u041f\u0440\u0435\u0441\u0432\u044f\u0442\u043e\u0439 \u0411\u043e\u0433\u043e\u0440\u043e\u0434\u0438\u0446\u044b).<\/p>\n\n\n\n<p>\u0410\u0434\u0440\u0435\u0441 \u0432 <strong>\u0421\u0435\u0431\u0443<\/strong>: 764 M.L. Quezon str., Cabancalan, Mandaue<\/p>\n\n\n\n<p>\u0410\u0434\u0440\u0435\u0441 \u043d\u0430 \u043e. <strong>\u041f\u0430\u043d\u0433\u043b\u0430\u043e<\/strong>: Purok 6, Dao road, Dauis <\/p>\n\n\n\n<p>\u0410\u0434\u0440\u0435\u0441 \u0432 <strong>\u0414\u0430\u0432\u0430\u043e<\/strong>: 8 Voyager str, Do\u00f1a Vicenta village, barangay 19-B, Davao <\/p>\n\n\n\n<p>\u0410\u0434\u0440\u0435\u0441 \u0432 <strong>\u0425\u043e\u0448\u0438\u043c\u0438\u043d\u0435<\/strong>: 40 \u0110. S\u1ed1 4 L\u00e0ng B\u00e1o Ch\u00ed, Khu ph\u1ed1 3, Qu\u1eadn 2, H\u1ed3 Ch\u00ed Minh<\/p>\n\n\n\n<p><strong>\u0410\u0434\u0440\u0435\u0441 \u0434\u043b\u044f \u043a\u043e\u0440\u0440\u0435\u0441\u043f\u043e\u043d\u0434\u0435\u043d\u0446\u0438\u0438 \u0432 \u0425\u0430\u043d\u0442\u044b-\u041c\u0430\u043d\u0441\u0438\u0439\u0441\u043a\u0435:<\/strong> 628012, \u0422\u044e\u043c\u0435\u043d\u0441\u043a\u0430\u044f \u043e\u0431\u043b\u0430\u0441\u0442\u044c, \u0425\u041c\u0410\u041e-\u042e\u0433\u0440\u0430, \u0433. \u0425\u0430\u043d\u0442\u044b-\u041c\u0430\u043d\u0441\u0438\u0439\u0441\u043a, \u0443\u043b. \u0427\u0435\u0445\u043e\u0432\u0430, \u0434. 2.<\/p>\n\n\n\n<p>\u0422\u0435\u043b\u0435\u0444\u043e\u043d:&nbsp; (3467) 318-375, 318-399<\/p>\n\n\n\n<p><strong>E-mail: <\/strong><a href=\"mailto:%20philippines.eparhia@gmail.com\">philippines.eparhia@gmail.com<\/a><\/p>\n\n\n\n<p><br \/><iframe loading=\"lazy\" src=\"https:\/\/www.google.com\/maps\/d\/u\/0\/embed?mid=1IXcfapPD_jyrOR34Osgz-VCqOHacWx4v\" width=\"640\" height=\"480\"><\/iframe><\/p>\n\n\n\n<p>&nbsp;<\/p>\n","protected":false},"excerpt":{"rendered":"<p>\u0422\u0435\u043b\u0435\u0444\u043e\u043d, \u0432\u0430\u0446\u0430\u043f \u0432 \u041c\u0430\u043d\u0438\u043b\u0435, \u0421\u0435\u0431\u0443 \u0438 \u041f\u0430\u043d\u0433\u043b\u0430\u043e: +639565432350 \u0432 \u0425\u0430\u043d\u043e\u0435 \u0438 \u041d\u044f\u0447\u0430\u043d\u0433\u0435: \u0432\u0430\u0446\u0430\u043f +79129994475 \u0432 \u0425\u043e\u0448\u0438\u043c\u0438\u043d\u0435 \u0438 \u0412\u0443\u043d\u0433\u0442\u0430\u0443 \u0432\u0430\u0446\u0430\u043f +7 911 426-52-00 \u0432 \u0414\u0430\u0432\u0430\u043e \u0438 \u041c\u0438\u043d\u0434\u0430\u043d\u0430\u043e \u0432\u0430\u0446\u0430\u043f +7 916 819-49-43 \u0410\u0434\u0440\u0435\u0441 \u0432 \u041c\u0430\u043d\u0438\u043b\u0435: 35 Guam, Better Living Subd., Bgy. Don Bosco, Para\u00f1aque, Metro Manila, 1711 (\u043f\u0440\u0438\u0445\u043e\u0434 \u0418\u0432\u0435\u0440\u0441\u043a\u043e\u0439 \u0438\u043a\u043e\u043d\u044b \u041f\u0440\u0435\u0441\u0432\u044f\u0442\u043e\u0439 \u0411\u043e\u0433\u043e\u0440\u043e\u0434\u0438\u0446\u044b). \u0410\u0434\u0440\u0435\u0441 \u0432 \u0421\u0435\u0431\u0443: 764 M.L. [&hellip;]<\/p>\n","protected":false},"author":1,"featured_media":0,"parent":0,"menu_order":0,"comment_status":"closed","ping_status":"closed","template":"","meta":{"inline_featured_image":false,"footnotes":""},"class_list":["post-566","page","type-page","status-publish","hentry"],"acf":[],"_links":{"self":[{"href":"https:\/\/phvieparchy.org\/ru\/wp-json\/wp\/v2\/pages\/566","targetHints":{"allow":["GET"]}}],"collection":[{"href":"https:\/\/phvieparchy.org\/ru\/wp-json\/wp\/v2\/pages"}],"about":[{"href":"https:\/\/phvieparchy.org\/ru\/wp-json\/wp\/v2\/types\/page"}],"author":[{"embeddable":true,"href":"https:\/\/phvieparchy.org\/ru\/wp-json\/wp\/v2\/users\/1"}],"replies":[{"embeddable":true,"href":"https:\/\/phvieparchy.org\/ru\/wp-json\/wp\/v2\/comments?post=566"}],"version-history":[{"count":20,"href":"https:\/\/phvieparchy.org\/ru\/wp-json\/wp\/v2\/pages\/566\/revisions"}],"predecessor-version":[{"id":12095,"href":"https:\/\/phvieparchy.org\/ru\/wp-json\/wp\/v2\/pages\/566\/revisions\/12095"}],"wp:attachment":[{"href":"https:\/\/phvieparchy.org\/ru\/wp-json\/wp\/v2\/media?parent=566"}],"curies":[{"name":"wp","href":"https:\/\/api.w.org\/{rel}","templated":true}]}}